{"id":1505,"date":"2024-10-07T11:19:29","date_gmt":"2024-10-07T11:19:29","guid":{"rendered":"https:\/\/msaijo.com\/now\/?page_id=1505"},"modified":"2024-10-08T07:31:57","modified_gmt":"2024-10-08T07:31:57","slug":"atminas-rekonstrukcija-riga-latvia-2024","status":"publish","type":"page","link":"https:\/\/msaijo.com\/now\/atminas-rekonstrukcija-riga-latvia-2024\/","title":{"rendered":"Atminas Rekonstrukcija. Riga, Latvia (2024)"},"content":{"rendered":"\n<p class=\"has-text-align-center\"><strong>Winter Garden Memory Reconstruction @ Cafe de Paris<br>(Atminas Rekonstrukcija Ziemas Da\u0304rzs)<\/strong> <strong>Riga 2024<\/strong><\/p>\n\n\n\n<hr class=\"wp-block-separator aligncenter has-alpha-channel-opacity is-style-wide\"\/>\n\n\n\n<p><strong>Memory Reconstruction <\/strong><\/p>\n\n\n\n<p class=\"western\" style=\"text-align: justify;\" align=\"justify\"><span style=\"color: #000000;\"><span style=\"font-size: medium;\"><strong>The Winter Garden<\/strong>, once an integral part of the renowned Caf\u00e9 de Paris in the early 20th century, is located in the courtyard of Kr. Barona 14. During this period, the corner of Kr. Barona and Elizabetes streets was known as Riga&#8217;s Broadway, a vibrant area filled with social activities and entertainment. This exhibition by Mike Saijo, presented as part of the ISSP Artist Residency Program, revives the city&#8217;s golden era of the 1920s-1930s through contemporary reinterpretation, reconstructing the memories of the people and events that shaped this vibrant period.<\/span><\/span><\/span><\/p>\n\n\n\n<p class=\"western\" style=\"text-align: justify;\" align=\"justify\"><span style=\"color: #000000;\"><span style=\"font-size: medium;\">In 2010 \u2013 Due to moisture, the floor in the main book storage courtyard annex of the Latvian National Library collapsed, and approximately 1,200 of the latest foreign literature books fell into the basement floor water and were irreparably damaged.<\/span><\/span><\/span><\/p>\n\n\n\n<figure class=\"wp-block-image size-large is-resized\"><img loading=\"lazy\" decoding=\"async\" width=\"1024\" height=\"188\" src=\"https:\/\/msaijo.com\/now\/wp-content\/uploads\/2024\/10\/cafe_de_paris-1024x188.png\" alt=\"\" class=\"wp-image-1681\" style=\"width:690px\" srcset=\"https:\/\/msaijo.com\/now\/wp-content\/uploads\/2024\/10\/cafe_de_paris-1024x188.png 1024w, https:\/\/msaijo.com\/now\/wp-content\/uploads\/2024\/10\/cafe_de_paris-300x55.png 300w, https:\/\/msaijo.com\/now\/wp-content\/uploads\/2024\/10\/cafe_de_paris-768x141.png 768w, https:\/\/msaijo.com\/now\/wp-content\/uploads\/2024\/10\/cafe_de_paris.png 1320w\" sizes=\"auto, (max-width: 1024px) 100vw, 1024px\" \/><\/figure>\n\n\n\n<p class=\"western\" style=\"text-align: justify;\" align=\"justify\"><span style=\"color: #000000;\"><span style=\"font-size: medium;\">The goal of this exhibition is not only to revive historical memories but also to raise funds for the restoration of the Winter Garden. Once restored, the Winter Garden will become a significant part of cultural heritage, offering the public a unique opportunity to explore Riga&#8217;s history and culture.<\/span><\/span><\/span><\/p>\n\n\n\n<hr class=\"wp-block-separator aligncenter has-alpha-channel-opacity is-style-wide\"\/>\n\n\n\n<p class=\"western\" style=\"text-align: justify;\" align=\"justify\"><span style=\"color: #000000;\"><span style=\"font-size: medium;\">The exhibition unfolds through several key elements, beginning with a Timeline that chronicles the history of the Winter Garden, tracing its transformation from its inception in 1912 as a proposed winter garden, through its peak as the glamorous Caf\u00e9 de Paris, to its various incarnations over the decades.<\/span><\/span><\/span><\/p>\n\n\n\n<figure class=\"wp-block-image size-large\"><img loading=\"lazy\" decoding=\"async\" width=\"1024\" height=\"95\" src=\"https:\/\/msaijo.com\/now\/wp-content\/uploads\/2024\/10\/timeline-1024x95.png\" alt=\"\" class=\"wp-image-1541\" srcset=\"https:\/\/msaijo.com\/now\/wp-content\/uploads\/2024\/10\/timeline-1024x95.png 1024w, https:\/\/msaijo.com\/now\/wp-content\/uploads\/2024\/10\/timeline-300x28.png 300w, https:\/\/msaijo.com\/now\/wp-content\/uploads\/2024\/10\/timeline-768x72.png 768w, https:\/\/msaijo.com\/now\/wp-content\/uploads\/2024\/10\/timeline-1536x143.png 1536w, https:\/\/msaijo.com\/now\/wp-content\/uploads\/2024\/10\/timeline-2048x191.png 2048w\" sizes=\"auto, (max-width: 1024px) 100vw, 1024px\" \/><\/figure>\n\n\n\n<div class=\"wp-block-gutsliders-photo-carousel gutslider-60db7cca nav_inside nav_cc\" data-swiper-options=\"{&quot;slidesPerView&quot;:1,&quot;spaceBetween&quot;:0,&quot;loop&quot;:true,&quot;autoplay&quot;:{&quot;delay&quot;:3800,&quot;pauseOnMouseEnter&quot;:false,&quot;stopOnLastSlide&quot;:false,&quot;reverseDirection&quot;:false},&quot;speed&quot;:700,&quot;navigation&quot;:false,&quot;pagination&quot;:false,&quot;effect&quot;:&quot;slide&quot;,&quot;keyboard&quot;:{&quot;enabled&quot;:false},&quot;mousewheel&quot;:false,&quot;breakpoints&quot;:{&quot;400&quot;:{&quot;slidesPerView&quot;:1,&quot;spaceBetween&quot;:0},&quot;600&quot;:{&quot;slidesPerView&quot;:2,&quot;spaceBetween&quot;:15},&quot;1025&quot;:{&quot;slidesPerView&quot;:&quot;3&quot;,&quot;spaceBetween&quot;:15}}}\"><div class=\"swiper\"><div class=\"swiper-wrapper\"><div class=\"swiper-slide\"><div class=\"swiper-container-outer none\"><img decoding=\"async\" src=\"https:\/\/msaijo.com\/now\/wp-content\/uploads\/2024\/10\/Timeline_01.png\" alt=\"\"\/><\/div><\/div><div class=\"swiper-slide\"><div class=\"swiper-container-outer none\"><img decoding=\"async\" src=\"https:\/\/msaijo.com\/now\/wp-content\/uploads\/2024\/10\/Timeline_02.png\" alt=\"\"\/><\/div><\/div><div class=\"swiper-slide\"><div class=\"swiper-container-outer none\"><img decoding=\"async\" src=\"https:\/\/msaijo.com\/now\/wp-content\/uploads\/2024\/10\/Timeline_03.png\" alt=\"\"\/><\/div><\/div><div class=\"swiper-slide\"><div class=\"swiper-container-outer none\"><img decoding=\"async\" src=\"https:\/\/msaijo.com\/now\/wp-content\/uploads\/2024\/10\/Timeline_04.png\" alt=\"\"\/><\/div><\/div><div class=\"swiper-slide\"><div class=\"swiper-container-outer none\"><img decoding=\"async\" src=\"https:\/\/msaijo.com\/now\/wp-content\/uploads\/2024\/10\/Timeline_05.png\" alt=\"\"\/><\/div><\/div><div class=\"swiper-slide\"><div class=\"swiper-container-outer none\"><img decoding=\"async\" src=\"https:\/\/msaijo.com\/now\/wp-content\/uploads\/2024\/10\/Timeline_06.png\" alt=\"\"\/><\/div><\/div><div class=\"swiper-slide\"><div class=\"swiper-container-outer none\"><img decoding=\"async\" src=\"https:\/\/msaijo.com\/now\/wp-content\/uploads\/2024\/10\/Timeline_07.png\" alt=\"\"\/><\/div><\/div><div class=\"swiper-slide\"><div class=\"swiper-container-outer none\"><img decoding=\"async\" src=\"https:\/\/msaijo.com\/now\/wp-content\/uploads\/2024\/10\/Timeline_08.png\" alt=\"\"\/><\/div><\/div><div class=\"swiper-slide\"><div class=\"swiper-container-outer none\"><img decoding=\"async\" src=\"https:\/\/msaijo.com\/now\/wp-content\/uploads\/2024\/10\/Timeline_09.png\" alt=\"\"\/><\/div><\/div><div class=\"swiper-slide\"><div class=\"swiper-container-outer none\"><img decoding=\"async\" src=\"https:\/\/msaijo.com\/now\/wp-content\/uploads\/2024\/10\/Timeline_10.png\" alt=\"\"\/><\/div><\/div><div class=\"swiper-slide\"><div class=\"swiper-container-outer none\"><img decoding=\"async\" src=\"https:\/\/msaijo.com\/now\/wp-content\/uploads\/2024\/10\/Timeline_11.png\" alt=\"\"\/><\/div><\/div><div class=\"swiper-slide\"><div class=\"swiper-container-outer none\"><img decoding=\"async\" src=\"https:\/\/msaijo.com\/now\/wp-content\/uploads\/2024\/10\/Timeline_12.png\" alt=\"\"\/><\/div><\/div><div class=\"swiper-slide\"><div class=\"swiper-container-outer none\"><img decoding=\"async\" src=\"https:\/\/msaijo.com\/now\/wp-content\/uploads\/2024\/10\/Timeline_13.png\" alt=\"\"\/><\/div><\/div><div class=\"swiper-slide\"><div class=\"swiper-container-outer none\"><img decoding=\"async\" src=\"https:\/\/msaijo.com\/now\/wp-content\/uploads\/2024\/10\/Timeline_14.png\" alt=\"\"\/><\/div><\/div><div class=\"swiper-slide\"><div class=\"swiper-container-outer none\"><img decoding=\"async\" src=\"https:\/\/msaijo.com\/now\/wp-content\/uploads\/2024\/10\/Timeline_15.png\" alt=\"\"\/><\/div><\/div><div class=\"swiper-slide\"><div class=\"swiper-container-outer none\"><img decoding=\"async\" src=\"https:\/\/msaijo.com\/now\/wp-content\/uploads\/2024\/10\/Timeline_16.png\" alt=\"\"\/><\/div><\/div><div class=\"swiper-slide\"><div class=\"swiper-container-outer none\"><img decoding=\"async\" src=\"https:\/\/msaijo.com\/now\/wp-content\/uploads\/2024\/10\/Timeline_17.png\" alt=\"\"\/><\/div><\/div><div class=\"swiper-slide\"><div class=\"swiper-container-outer none\"><img decoding=\"async\" src=\"https:\/\/msaijo.com\/now\/wp-content\/uploads\/2024\/10\/Timeline_18.png\" alt=\"\"\/><\/div><\/div><div class=\"swiper-slide\"><div class=\"swiper-container-outer none\"><img decoding=\"async\" src=\"https:\/\/msaijo.com\/now\/wp-content\/uploads\/2024\/10\/Timeline_19.png\" alt=\"\"\/><\/div><\/div><div class=\"swiper-slide\"><div class=\"swiper-container-outer none\"><img decoding=\"async\" src=\"https:\/\/msaijo.com\/now\/wp-content\/uploads\/2024\/10\/Timeline_20.png\" alt=\"\"\/><\/div><\/div><div class=\"swiper-slide\"><div class=\"swiper-container-outer none\"><img decoding=\"async\" src=\"https:\/\/msaijo.com\/now\/wp-content\/uploads\/2024\/10\/Timeline_21.png\" alt=\"\"\/><\/div><\/div><div class=\"swiper-slide\"><div class=\"swiper-container-outer none\"><img decoding=\"async\" src=\"https:\/\/msaijo.com\/now\/wp-content\/uploads\/2024\/10\/Timeline_22.png\" alt=\"\"\/><\/div><\/div><div class=\"swiper-slide\"><div class=\"swiper-container-outer none\"><img decoding=\"async\" src=\"https:\/\/msaijo.com\/now\/wp-content\/uploads\/2024\/10\/Timeline_23.png\" alt=\"\"\/><\/div><\/div><div class=\"swiper-slide\"><div class=\"swiper-container-outer none\"><img decoding=\"async\" src=\"https:\/\/msaijo.com\/now\/wp-content\/uploads\/2024\/10\/Timeline_24.png\" alt=\"\"\/><\/div><\/div><\/div><\/div><\/div>\n\n\n\n<div style=\"height:28px\" aria-hidden=\"true\" class=\"wp-block-spacer\"><\/div>\n\n\n\n<p><strong><em>Winter Garden Timeline<\/em><\/strong><\/p>\n\n\n\n<hr class=\"wp-block-separator aligncenter has-alpha-channel-opacity is-style-wide\"\/>\n\n\n\n<p class=\"western\" style=\"text-align: justify;\" align=\"justify\"><span style=\"color: #000000;\"><span style=\"font-size: medium;\">Along the exterior wall, the piece &#8220;Three Dancers&#8221; captures the spirit of the &#8220;Plastic Dance&#8221; movement, popular in Latvia during the 1920s and 1930s, and is printed over pages from Ineta Lip\u0161a&#8217;s book &#8220;R\u012bga bohemas var\u0101,&#8221; adding depth to the representation of Riga&#8217;s bohemian life. Inside, the satirical Caf\u00e9 de Paris &#8220;Cartoon&#8221; artwork overlays the imagery of Latvian cartoonist onto the same historical text, offering a sharp reflection of Riga&#8217;s social dynamics during this era.<\/span><\/span><\/span><\/p>\n\n\n\n<figure class=\"wp-block-image size-large is-resized\"><img loading=\"lazy\" decoding=\"async\" width=\"1024\" height=\"751\" src=\"https:\/\/msaijo.com\/now\/wp-content\/uploads\/2024\/10\/mike_saijo_three_dancers_2024-1024x751.png\" alt=\"\" class=\"wp-image-1667\" style=\"width:690px\" srcset=\"https:\/\/msaijo.com\/now\/wp-content\/uploads\/2024\/10\/mike_saijo_three_dancers_2024-1024x751.png 1024w, https:\/\/msaijo.com\/now\/wp-content\/uploads\/2024\/10\/mike_saijo_three_dancers_2024-300x220.png 300w, https:\/\/msaijo.com\/now\/wp-content\/uploads\/2024\/10\/mike_saijo_three_dancers_2024-768x563.png 768w, https:\/\/msaijo.com\/now\/wp-content\/uploads\/2024\/10\/mike_saijo_three_dancers_2024.png 1320w\" sizes=\"auto, (max-width: 1024px) 100vw, 1024px\" \/><\/figure>\n\n\n\n<p><strong><em>Three Dancers<\/em><\/strong>. Bookpiece. 2024<\/p>\n\n\n\n<figure class=\"wp-block-image size-large is-resized\"><img loading=\"lazy\" decoding=\"async\" width=\"1024\" height=\"998\" src=\"https:\/\/msaijo.com\/now\/wp-content\/uploads\/2024\/10\/mike_saijo_cafe_de_paris_2024-1024x998.png\" alt=\"\" class=\"wp-image-1669\" style=\"width:690px\" srcset=\"https:\/\/msaijo.com\/now\/wp-content\/uploads\/2024\/10\/mike_saijo_cafe_de_paris_2024-1024x998.png 1024w, https:\/\/msaijo.com\/now\/wp-content\/uploads\/2024\/10\/mike_saijo_cafe_de_paris_2024-300x292.png 300w, https:\/\/msaijo.com\/now\/wp-content\/uploads\/2024\/10\/mike_saijo_cafe_de_paris_2024-768x748.png 768w, https:\/\/msaijo.com\/now\/wp-content\/uploads\/2024\/10\/mike_saijo_cafe_de_paris_2024.png 1320w\" sizes=\"auto, (max-width: 1024px) 100vw, 1024px\" \/><\/figure>\n\n\n\n<p><strong><em>Caf\u00e9 de Paris<\/em><\/strong>. Bookpiece. 2024<\/p>\n\n\n\n<figure class=\"wp-block-image size-large is-resized\"><img loading=\"lazy\" decoding=\"async\" width=\"793\" height=\"1024\" src=\"https:\/\/msaijo.com\/now\/wp-content\/uploads\/2024\/10\/mike_saijo_the_scandal_2024-793x1024.png\" alt=\"\" class=\"wp-image-1671\" style=\"width:690px\" srcset=\"https:\/\/msaijo.com\/now\/wp-content\/uploads\/2024\/10\/mike_saijo_the_scandal_2024-793x1024.png 793w, https:\/\/msaijo.com\/now\/wp-content\/uploads\/2024\/10\/mike_saijo_the_scandal_2024-232x300.png 232w, https:\/\/msaijo.com\/now\/wp-content\/uploads\/2024\/10\/mike_saijo_the_scandal_2024-768x992.png 768w, https:\/\/msaijo.com\/now\/wp-content\/uploads\/2024\/10\/mike_saijo_the_scandal_2024-1189x1536.png 1189w, https:\/\/msaijo.com\/now\/wp-content\/uploads\/2024\/10\/mike_saijo_the_scandal_2024.png 1320w\" sizes=\"auto, (max-width: 793px) 100vw, 793px\" \/><\/figure>\n\n\n\n<p><strong><em>The Scandal<\/em><\/strong>. India ink on paper. 2024<\/p>\n\n\n\n<hr class=\"wp-block-separator aligncenter has-alpha-channel-opacity is-style-wide\"\/>\n\n\n\n<p class=\"western\" style=\"text-align: justify;\" align=\"justify\"><span style=\"color: #000000;\"><span style=\"font-size: medium;\">The exhibit included a video installation with film footage of Latvia\u2019s \u201ccommon people\u201d projected on dilapidated walls, enhanced by a rich soundscape of music, voiceovers, folk songs, and ambient effects.<\/span><\/span><\/span><\/p>\n\n\n\n<figure class=\"wp-block-image size-large is-resized\"><img loading=\"lazy\" decoding=\"async\" width=\"1024\" height=\"285\" src=\"https:\/\/msaijo.com\/now\/wp-content\/uploads\/2024\/10\/mike_saijo_riga_2024-1024x285.png\" alt=\"\" class=\"wp-image-1679\" style=\"width:690px\" srcset=\"https:\/\/msaijo.com\/now\/wp-content\/uploads\/2024\/10\/mike_saijo_riga_2024-1024x285.png 1024w, https:\/\/msaijo.com\/now\/wp-content\/uploads\/2024\/10\/mike_saijo_riga_2024-300x84.png 300w, https:\/\/msaijo.com\/now\/wp-content\/uploads\/2024\/10\/mike_saijo_riga_2024-768x214.png 768w, https:\/\/msaijo.com\/now\/wp-content\/uploads\/2024\/10\/mike_saijo_riga_2024.png 1320w\" sizes=\"auto, (max-width: 1024px) 100vw, 1024px\" \/><\/figure>\n\n\n\n<iframe loading=\"lazy\" width=\"660\" height=\"371\" src=\"https:\/\/www.youtube.com\/embed\/Nn7PKXnCdGA?cc_lang_pref=en&amp;cc_load_policy=1\" title=\"YouTube video player\" frameborder=\"0\" allow=\"accelerometer; autoplay; clipboard-write; encrypted-media; gyroscope; picture-in-picture; web-share\" referrerpolicy=\"strict-origin-when-cross-origin\" allowfullscreen=\"\"><\/iframe>\n\n\n\n<hr class=\"wp-block-separator aligncenter has-alpha-channel-opacity is-style-wide\"\/>\n\n\n\n<p class=\"western\" style=\"text-align: justify;\" align=\"justify\"><span style=\"color: #000000;\"><span style=\"font-size: medium;\">Four original stained glass windows (backlit with LEDs) from the Winter Garden were put on display, carefully preserved in their weathered state, emphasizing the need for restoration.<\/span><\/span><\/span><\/p>\n\n\n\n<figure class=\"wp-block-image size-large is-resized\"><img loading=\"lazy\" decoding=\"async\" width=\"1024\" height=\"576\" src=\"https:\/\/msaijo.com\/now\/wp-content\/uploads\/2024\/10\/stained_glass_riga-1024x576.png\" alt=\"\" class=\"wp-image-1660\" style=\"width:690px\" srcset=\"https:\/\/msaijo.com\/now\/wp-content\/uploads\/2024\/10\/stained_glass_riga-1024x576.png 1024w, https:\/\/msaijo.com\/now\/wp-content\/uploads\/2024\/10\/stained_glass_riga-300x169.png 300w, https:\/\/msaijo.com\/now\/wp-content\/uploads\/2024\/10\/stained_glass_riga-768x432.png 768w, https:\/\/msaijo.com\/now\/wp-content\/uploads\/2024\/10\/stained_glass_riga.png 1320w\" sizes=\"auto, (max-width: 1024px) 100vw, 1024px\" \/><\/figure>\n\n\n\n<hr class=\"wp-block-separator aligncenter has-alpha-channel-opacity is-style-wide\"\/>\n\n\n\n<p class=\"western\" style=\"text-align: justify;\" align=\"justify\"><span style=\"color: #000000;\"><span style=\"font-size: medium;\">Local residents shared their thoughts of the exhibit with Riga news reporters as they walked through the historical building in the heart of Latvia.<\/span><\/span><\/span><\/p>\n\n\n\n<iframe loading=\"lazy\" width=\"660\" height=\"371\" src=\"https:\/\/www.youtube.com\/embed\/VA_VbJtLM24?cc_lang_pref=en&amp;cc_load_policy=1\" title=\"YouTube video player\" frameborder=\"0\" allow=\"accelerometer; autoplay; clipboard-write; encrypted-media; gyroscope; picture-in-picture; web-share\" referrerpolicy=\"strict-origin-when-cross-origin\" allowfullscreen=\"\"><\/iframe>\n\n\n\n<hr class=\"wp-block-separator aligncenter has-alpha-channel-opacity is-style-wide\"\/>\n\n\n\n<p class=\"western\" style=\"text-align: justify;\" align=\"justify\"><span style=\"color: #000000;\"><span style=\"font-size: medium;\">Also included was a video of a conversation between M\u0101ris Kras\u0146ikovs, the current owner of the Winter Garden, and Mike Saijo. After 20 years apart, they reunite to discuss their memories from Los Angeles and reflect on how those experiences have shaped them. This conversation invites viewers to reflect on the connections between friendship, memory, and time.<\/span><\/span><\/span><\/p>\n\n\n\n<iframe loading=\"lazy\" width=\"660\" height=\"371\" src=\"https:\/\/www.youtube.com\/embed\/Cyl_NHu5L4o?cc_lang_pref=en&amp;cc_load_policy=1\" title=\"YouTube video player\" frameborder=\"0\" allow=\"accelerometer; autoplay; clipboard-write; encrypted-media; gyroscope; picture-in-picture; web-share\" referrerpolicy=\"strict-origin-when-cross-origin\" allowfullscreen=\"\"><\/iframe>\n","protected":false},"excerpt":{"rendered":"<p>Winter Garden Memory Reconstruction @ Cafe de Paris(Atminas Rekonstrukcija Ziemas Da\u0304rzs) Riga 2024 Memory Reconstruction The Winter Garden, once an integral part of the renowned Caf\u00e9 de Paris in the early 20th century, is located in the courtyard of Kr. Barona 14. During this period, the corner of Kr. Barona and Elizabetes streets was known &hellip; <a href=\"https:\/\/msaijo.com\/now\/atminas-rekonstrukcija-riga-latvia-2024\/\" class=\"more-link\">Continue reading <span class=\"screen-reader-text\">Atminas Rekonstrukcija. Riga, Latvia (2024)<\/span><\/a><\/p>\n","protected":false},"author":2,"featured_media":0,"parent":0,"menu_order":0,"comment_status":"closed","ping_status":"closed","template":"","meta":{"footnotes":"[]"},"class_list":["post-1505","page","type-page","status-publish","hentry"],"_links":{"self":[{"href":"https:\/\/msaijo.com\/now\/wp-json\/wp\/v2\/pages\/1505","targetHints":{"allow":["GET"]}}],"collection":[{"href":"https:\/\/msaijo.com\/now\/wp-json\/wp\/v2\/pages"}],"about":[{"href":"https:\/\/msaijo.com\/now\/wp-json\/wp\/v2\/types\/page"}],"author":[{"embeddable":true,"href":"https:\/\/msaijo.com\/now\/wp-json\/wp\/v2\/users\/2"}],"replies":[{"embeddable":true,"href":"https:\/\/msaijo.com\/now\/wp-json\/wp\/v2\/comments?post=1505"}],"version-history":[{"count":5,"href":"https:\/\/msaijo.com\/now\/wp-json\/wp\/v2\/pages\/1505\/revisions"}],"predecessor-version":[{"id":1686,"href":"https:\/\/msaijo.com\/now\/wp-json\/wp\/v2\/pages\/1505\/revisions\/1686"}],"wp:attachment":[{"href":"https:\/\/msaijo.com\/now\/wp-json\/wp\/v2\/media?parent=1505"}],"curies":[{"name":"wp","href":"https:\/\/api.w.org\/{rel}","templated":true}]}}